{"id":2,"date":"2011-09-20T15:47:44","date_gmt":"2011-09-20T15:47:44","guid":{"rendered":"http:\/\/www.pedalclassico.com.br\/?page_id=2"},"modified":"2011-09-20T15:44:14","modified_gmt":"2011-09-20T18:44:14","slug":"pagina-exemplo","status":"publish","type":"page","link":"https:\/\/www.pedalclassico.com.br\/","title":{"rendered":"Home"},"content":{"rendered":"<p style=\"text-align: justify;\"><span style=\"color: #000000;\"><strong><a href=\"http:\/\/www.pedalclassico.com.br\/wp-content\/uploads\/2011\/09\/Meninos.png\"><img loading=\"lazy\" class=\"alignleft size-medium wp-image-44\" title=\"Meninos\" src=\"http:\/\/www.pedalclassico.com.br\/wp-content\/uploads\/2011\/09\/Meninos-300x251.png\" alt=\"\" width=\"300\" height=\"251\" srcset=\"https:\/\/www.pedalclassico.com.br\/wp-content\/uploads\/2011\/09\/Meninos-300x251.png 300w, https:\/\/www.pedalclassico.com.br\/wp-content\/uploads\/2011\/09\/Meninos.png 311w\" sizes=\"(max-width: 300px) 100vw, 300px\" \/><\/a>Quem j\u00e1 n\u00e3o teve um carrinho de pedal? Quem j\u00e1 n\u00e3o passou horas brincando, quando crian\u00e7a, a sonhar com a vida passando mais r\u00e1pido, desejando ficar mais velho e poder ent\u00e3o dirigir aquele carr\u00e3o de gente grande, enorme e possante???<\/strong><\/span><\/p>\n<p style=\"text-align: justify;\"><span style=\"color: #000000;\"><strong><br \/>\nPois \u00e9!!!<br \/>\nEntretanto, hoje que estamos mais velhos e amadurecidos, ainda assim, sonhamos dirigir aqueles velhos carrinhos de pedal. <\/strong><\/span><\/p>\n<p style=\"text-align: justify;\"><span style=\"color: #000000;\"><strong>Anos de nossas vidas passaram, mas grandes lembran\u00e7as temos de nossos pequenos e &#8220;possantes&#8221; carrinhos, quando amigos, muitos amigos, juntos batiam corrida, do port\u00e3o de suas casas at\u00e9 o port\u00e3o vizinho&#8230;<\/strong><\/span><\/p>\n<p style=\"text-align: justify;\"><span style=\"color: #000000;\"><strong><br \/>\nVERDADEIROS GRANDES PR\u00caMIOS!<\/strong><\/span><\/p>\n","protected":false},"excerpt":{"rendered":"<p>Quem j\u00e1 n\u00e3o teve um carrinho de pedal? Quem j\u00e1 n\u00e3o passou horas brincando, quando crian\u00e7a, a sonhar com a vida passando mais r\u00e1pido, desejando ficar mais velho e poder ent\u00e3o dirigir aquele carr\u00e3o de gente grande, enorme e possante??? Pois \u00e9!!! Entretanto, hoje que estamos mais velhos e amadurecidos, ainda assim, sonhamos dirigir aqueles velhos carrinhos de pedal. Anos<\/p>\n","protected":false},"author":1,"featured_media":0,"parent":0,"menu_order":0,"comment_status":"closed","ping_status":"closed","template":"","meta":{"ngg_post_thumbnail":0},"aioseo_notices":[],"_links":{"self":[{"href":"https:\/\/www.pedalclassico.com.br\/index.php?rest_route=\/wp\/v2\/pages\/2"}],"collection":[{"href":"https:\/\/www.pedalclassico.com.br\/index.php?rest_route=\/wp\/v2\/pages"}],"about":[{"href":"https:\/\/www.pedalclassico.com.br\/index.php?rest_route=\/wp\/v2\/types\/page"}],"author":[{"embeddable":true,"href":"https:\/\/www.pedalclassico.com.br\/index.php?rest_route=\/wp\/v2\/users\/1"}],"replies":[{"embeddable":true,"href":"https:\/\/www.pedalclassico.com.br\/index.php?rest_route=%2Fwp%2Fv2%2Fcomments&post=2"}],"version-history":[{"count":5,"href":"https:\/\/www.pedalclassico.com.br\/index.php?rest_route=\/wp\/v2\/pages\/2\/revisions"}],"predecessor-version":[{"id":45,"href":"https:\/\/www.pedalclassico.com.br\/index.php?rest_route=\/wp\/v2\/pages\/2\/revisions\/45"}],"wp:attachment":[{"href":"https:\/\/www.pedalclassico.com.br\/index.php?rest_route=%2Fwp%2Fv2%2Fmedia&parent=2"}],"curies":[{"name":"wp","href":"https:\/\/api.w.org\/{rel}","templated":true}]}}